{"id":1324,"date":"2022-12-20T10:27:33","date_gmt":"2022-12-20T09:27:33","guid":{"rendered":"https:\/\/ehersa.com\/mentions-legales-cookies\/"},"modified":"2026-03-23T09:15:29","modified_gmt":"2026-03-23T08:15:29","slug":"mentions-legales-cookies","status":"publish","type":"page","link":"https:\/\/ehersa.com\/fr\/mentions-legales-cookies\/","title":{"rendered":"Cookies"},"content":{"rendered":"<p>EHER \u2013 Electroqu\u00edmica de Hernani vous informe que notre site web utilise des cookies pour analyser la navigation des utilisateurs.<\/p>\n<p><strong>Que sont les cookies ?<\/strong><br \/>\nUn cookie est un fichier qui est t\u00e9l\u00e9charg\u00e9 sur votre ordinateur lorsque vous acc\u00e9dez \u00e0 notre site web. Les cookies nous permettent, entre autres, de stocker et de r\u00e9cup\u00e9rer des informations sur les habitudes de navigation d&rsquo;un utilisateur ou de son appareil et, en fonction des informations qu&rsquo;ils contiennent et de la mani\u00e8re dont vous utilisez votre appareil, peuvent \u00eatre utilis\u00e9s pour reconna\u00eetre l&rsquo;utilisateur. <\/p>\n<p><strong>Quels types de cookies ce site web utilise-t-il ?<\/strong><\/p>\n<ul>\n<li><strong>Cookies propres :<\/strong> ce sont ceux que nous envoyons \u00e0 votre ordinateur ou terminal depuis notre site web.<\/li>\n<li><strong>Cookies tiers :<\/strong> ce sont ceux qui sont envoy\u00e9s \u00e0 votre ordinateur ou terminal depuis un domaine ou un site web qui n&rsquo;est pas g\u00e9r\u00e9 par nous, mais par une autre entit\u00e9 qui traite les donn\u00e9es obtenues par le biais des cookies.<\/li>\n<li><strong>Cookies de session :<\/strong> ce sont des cookies con\u00e7us pour collecter et stocker des donn\u00e9es pendant que vous acc\u00e9dez \u00e0 notre site web.<\/li>\n<li><strong>Cookies persistants : <\/strong>il s&rsquo;agit d&rsquo;un type de cookies dans lequel les donn\u00e9es restent stock\u00e9es sur le terminal et peuvent \u00eatre consult\u00e9es et trait\u00e9es pendant une p\u00e9riode d\u00e9termin\u00e9e, pouvant aller de quelques minutes \u00e0 plusieurs ann\u00e9es.<\/li>\n<li><strong>Cookies d&rsquo;analyse :<\/strong> ce sont ceux qui, trait\u00e9s soit par nous, soit par des tiers, nous permettent de quantifier le nombre d&rsquo;utilisateurs et de r\u00e9aliser la mesure et l&rsquo;analyse statistique de l&rsquo;utilisation que font les utilisateurs de notre site web. Pour cela, nous analysons la navigation sur notre site web afin d&rsquo;am\u00e9liorer l&rsquo;offre de produits ou de services que nous vous proposons. <\/li>\n<li><strong>Cookies publicitaires : <\/strong>ce sont ceux qui permettent la gestion, de la mani\u00e8re la plus efficace possible, des espaces publicitaires pouvant figurer sur notre site web en fonction de crit\u00e8res tels que le contenu publi\u00e9 ou la fr\u00e9quence d&rsquo;affichage des publicit\u00e9s, ou en fonction du comportement des utilisateurs obtenu gr\u00e2ce \u00e0 l&rsquo;observation continue de leurs habitudes de navigation, ce qui permet de d\u00e9velopper un profil sp\u00e9cifique pour afficher la publicit\u00e9 en fonction de celui-ci.<\/li>\n<\/ul>\n<p><strong>Comment g\u00e9rer ou administrer les cookies ?<\/strong><br \/>\nVous pouvez autoriser, bloquer ou supprimer les cookies install\u00e9s sur votre appareil en configurant les options du navigateur install\u00e9 sur votre ordinateur. Vous pouvez obtenir plus d&rsquo;informations sur les options de votre navigateur \u00e0 l&rsquo;adresse suivante : <\/p>\n<ul>\n<li><strong>Firefox<\/strong>: https:\/\/support.mozilla.org\/es\/kb\/habilitar-y-deshabilitar-cookies-sitios-web-rastrear-preferencias<\/li>\n<li><strong>Chrome<\/strong>: https:\/\/support.google.com\/chrome\/answer\/95647?hl=esInternet <\/li>\n<li><strong>Explorer<\/strong>: https:\/\/support.microsoft.com\/es-es\/help\/17442\/windows-internet-explorer-delete-manage-cookies<\/li>\n<li><strong>Safari<\/strong>: https:\/\/support.apple.com\/es-es\/guide\/safari\/sfri11471\/mac<\/li>\n<li><strong>Opera<\/strong>: https:\/\/help.opera.com\/en\/latest\/web-preferences\/#cookies<\/li>\n<\/ul>\n<p><strong>Entreprises partenaires et services utilisant des cookies<\/strong><br \/>\nPlus pr\u00e9cis\u00e9ment, les prestataires de services avec lesquels nous avons conclu un contrat pour un service n\u00e9cessitant l&rsquo;utilisation de cookies sont :<\/p>\n","protected":false},"excerpt":{"rendered":"<p>EHER \u2013 Electroqu\u00edmica de Hernani vous informe que notre site web utilise des cookies pour analyser la navigation des utilisateurs. Que sont les cookies ? Un cookie est un fichier qui est t\u00e9l\u00e9charg\u00e9 sur votre ordinateur lorsque vous acc\u00e9dez \u00e0 notre site web. Les cookies nous permettent, entre autres, de stocker et de r\u00e9cup\u00e9rer des [&hellip;]<\/p>\n","protected":false},"author":1,"featured_media":0,"parent":0,"menu_order":3,"comment_status":"closed","ping_status":"closed","template":"templates\/legal-template.php","meta":{"_acf_changed":false,"inline_featured_image":false,"footnotes":""},"class_list":["post-1324","page","type-page","status-publish","hentry"],"acf":[],"_links":{"self":[{"href":"https:\/\/ehersa.com\/fr\/wp-json\/wp\/v2\/pages\/1324","targetHints":{"allow":["GET"]}}],"collection":[{"href":"https:\/\/ehersa.com\/fr\/wp-json\/wp\/v2\/pages"}],"about":[{"href":"https:\/\/ehersa.com\/fr\/wp-json\/wp\/v2\/types\/page"}],"author":[{"embeddable":true,"href":"https:\/\/ehersa.com\/fr\/wp-json\/wp\/v2\/users\/1"}],"replies":[{"embeddable":true,"href":"https:\/\/ehersa.com\/fr\/wp-json\/wp\/v2\/comments?post=1324"}],"version-history":[{"count":0,"href":"https:\/\/ehersa.com\/fr\/wp-json\/wp\/v2\/pages\/1324\/revisions"}],"wp:attachment":[{"href":"https:\/\/ehersa.com\/fr\/wp-json\/wp\/v2\/media?parent=1324"}],"curies":[{"name":"wp","href":"https:\/\/api.w.org\/{rel}","templated":true}]}}