{"id":1326,"date":"2022-12-20T10:26:52","date_gmt":"2022-12-20T09:26:52","guid":{"rendered":"https:\/\/ehersa.com\/mentions-legales\/"},"modified":"2022-12-20T10:26:52","modified_gmt":"2022-12-20T09:26:52","slug":"mentions-legales","status":"publish","type":"page","link":"https:\/\/ehersa.com\/fr\/mentions-legales\/","title":{"rendered":"Mentions l\u00e9gales"},"content":{"rendered":"<p><b>OBJET :<\/b><br \/>\nLe pr\u00e9sent site web a \u00e9t\u00e9 con\u00e7u pour faire conna\u00eetre les services propos\u00e9s par l&rsquo;entit\u00e9 Electroqu\u00edmica de Hernani S. A., C\/ Barrio Epele, n\u00b0 29, \u00e0 Hernani, province de Guip\u00fazcoa, code postal 20120, Espagne ; ainsi que pour l&rsquo;accueil de clients potentiels, de contacts commerciaux et de demandes d&#8217;emploi.<\/p>\n<p><b>PROPRI\u00c9T\u00c9 INTELLECTUELLE ET INDUSTRIELLE :<\/b><br \/>\nLes droits de propri\u00e9t\u00e9 intellectuelle du site www.ehersa.com, son code source, sa conception, ses structures de navigation et les diff\u00e9rents \u00e9l\u00e9ments qu&rsquo;il contient sont la propri\u00e9t\u00e9 d&rsquo;Electroqu\u00edmica de Hernani S.A., \u00e0 qui revient l&rsquo;exercice exclusif des droits d&rsquo;exploitation de ceux-ci sous quelque forme que ce soit et, en particulier, les droits de reproduction, de distribution, de communication publique et d&rsquo;adaptation, conform\u00e9ment \u00e0 la l\u00e9gislation espagnole et europ\u00e9enne applicable.<\/p>\n<p>Le portail d&rsquo;Electroqu\u00edmica de Hernani S.A., les pages qui le composent et les informations ou \u00e9l\u00e9ments qui y sont contenus comprennent des textes, des documents, des photographies, des dessins, des repr\u00e9sentations graphiques, des logiciels, ainsi que des logos, des marques, des noms commerciaux ou d&rsquo;autres signes distinctifs, prot\u00e9g\u00e9s par des droits de propri\u00e9t\u00e9 intellectuelle ou industrielle, dont Electroqu\u00edmica de Hernani S.A. est titulaire ou d\u00e9tient une licence l\u00e9gitime.<\/p>\n<p><b>CONTENU :<\/b><br \/>\nCe site Web fournit des informations sur des services destin\u00e9s au grand public qui, dans tous les cas, seront soumis aux conditions g\u00e9n\u00e9rales express\u00e9ment d\u00e9taill\u00e9es \u00e0 tout moment et accessibles depuis ce site Web, lesquelles seront soumises aux diff\u00e9rentes dispositions l\u00e9gales applicables.<\/p>\n<p><b>ACC\u00c8S ET UTILISATION :<\/b><br \/>\nTant l&rsquo;acc\u00e8s \u00e0 ce site Web, que l&rsquo;utilisation qui peut \u00eatre faite des informations et des contenus qui y sont inclus rel\u00e8vent de la responsabilit\u00e9 exclusive de la personne qui les utilise.<\/p>\n<p>Les conditions d&rsquo;acc\u00e8s \u00e0 ce site Web sont soumises \u00e0 la l\u00e9gislation en vigueur et aux principes de bonne foi et d&rsquo;utilisation licite de la part de l&rsquo;utilisateur, toute action pr\u00e9judiciable \u00e0 Electroqu\u00edmica de Hernani S.A. \u00e9tant de mani\u00e8re g\u00e9n\u00e9rale interdite. L&rsquo;utilisation du pr\u00e9sent site web \u00e0 des fins ill\u00e9gales ou non autoris\u00e9es est strictement interdite.<\/p>\n<p>Toute forme d&rsquo;exploitation est interdite, y compris tout type de reproduction, de distribution, de cession \u00e0 des tiers, de communication publique et de transformation, par tout type de support et de moyen, des \u0153uvres susmentionn\u00e9es, des cr\u00e9ations et des signes distinctifs sans l&rsquo;autorisation pr\u00e9alable et expresse de leurs titulaires respectifs. Le non-respect de cette interdiction peut constituer une infraction passible de sanctions en vertu de la l\u00e9gislation en vigueur. <\/p>\n<p>Toutefois, \u00e0 ses propres risques, l&rsquo;utilisateur pourra t\u00e9l\u00e9charger ou r\u00e9aliser une copie de ces \u00e9l\u00e9ments exclusivement pour son usage personnel, \u00e0 condition de ne violer aucun des droits de propri\u00e9t\u00e9 intellectuelle ou industrielle d&rsquo;Electroqu\u00edmica de Hernani S.A., ni de les alt\u00e9rer totalement ou partiellement. En aucun cas, cela ne signifiera une autorisation ou une licence sur les droits de propri\u00e9t\u00e9 d&rsquo;Electroqu\u00edmica de Hernani S.A. <\/p>\n<p>Il est interdit, sauf dans les cas express\u00e9ment autoris\u00e9s par Electroqu\u00edmica de Hernani S.A., de pr\u00e9senter les pages d&rsquo;Electroqu\u00edmica de Hernani S.A. ou les informations qu&rsquo;elles contiennent sous des cadres, des signes distinctifs, des marques ou des d\u00e9nominations sociales ou commerciales d&rsquo;une autre personne, entreprise ou entit\u00e9.<\/p>\n<p><b>RESPONSABILIT\u00c9 :<\/b><br \/>\nElectroqu\u00edmica de Hernani S.A. ne saurait en aucun cas \u00eatre tenue responsable des dommages que les utilisateurs pourraient causer au pr\u00e9sent site Web, ou \u00e0 tout autre site, par une utilisation ill\u00e9gale ou abusive de celui-ci, ou des contenus et informations accessibles ou fournis par son interm\u00e9diaire.<\/p>\n<p><b>SERVICE :<\/b><br \/>\nElectroqu\u00edmica de Hernani S.A. se r\u00e9serve le droit de suspendre l&rsquo;acc\u00e8s \u00e0 son site Web, sans pr\u00e9avis, de mani\u00e8re discr\u00e9tionnaire et temporaire, pour des raisons techniques ou de toute autre nature, et peut \u00e9galement modifier unilat\u00e9ralement tant les conditions d&rsquo;acc\u00e8s que tout ou partie des contenus qui y sont inclus.<\/p>\n<p><b>G\u00c9N\u00c9RALIT\u00c9S :<\/b><br \/>\nPour toute question litigieuse ou concernant le site Web d&rsquo;Electroqu\u00edmica de Hernani S.A., la l\u00e9gislation espagnole sera applicable, les tribunaux du lieu de r\u00e9sidence de l&rsquo;utilisateur \u00e9tant comp\u00e9tents pour la r\u00e9solution de tous les conflits d\u00e9coulant de ou li\u00e9s \u00e0 l&rsquo;utilisation de ce site Web. L&rsquo;acc\u00e8s au site Web d&rsquo;Electroqu\u00edmica de Hernani S.A. implique l&rsquo;acceptation de toutes les conditions susmentionn\u00e9es. <\/p>\n<p><b>LIENS HYPERTEXTES :<\/b><br \/>\nLes liens hypertextes contenus sur le site Web d&rsquo;Electroqu\u00edmica de Hernani S.A. peuvent renvoyer vers des sites Web tiers. Electroqu\u00edmica de Hernani S.A. n&rsquo;assume aucune responsabilit\u00e9 quant au contenu, aux informations ou aux services pouvant appara\u00eetre sur ces sites, qui ont un caract\u00e8re exclusivement informatif et n&rsquo;impliquent en aucun cas une quelconque relation entre Electroqu\u00edmica de Hernani S.A. et les personnes ou entit\u00e9s propri\u00e9taires de ces contenus ou propri\u00e9taires des sites sur lesquels ils se trouvent. <\/p>\n","protected":false},"excerpt":{"rendered":"<p>OBJET : Le pr\u00e9sent site web a \u00e9t\u00e9 con\u00e7u pour faire conna\u00eetre les services propos\u00e9s par l&rsquo;entit\u00e9 Electroqu\u00edmica de Hernani S. A., C\/ Barrio Epele, n\u00b0 29, \u00e0 Hernani, province de Guip\u00fazcoa, code postal 20120, Espagne ; ainsi que pour l&rsquo;accueil de clients potentiels, de contacts commerciaux et de demandes d&#8217;emploi. PROPRI\u00c9T\u00c9 INTELLECTUELLE ET INDUSTRIELLE [&hellip;]<\/p>\n","protected":false},"author":1,"featured_media":0,"parent":0,"menu_order":2,"comment_status":"closed","ping_status":"closed","template":"templates\/legal-template.php","meta":{"_acf_changed":false,"inline_featured_image":false,"footnotes":""},"class_list":["post-1326","page","type-page","status-publish","hentry"],"acf":[],"_links":{"self":[{"href":"https:\/\/ehersa.com\/fr\/wp-json\/wp\/v2\/pages\/1326","targetHints":{"allow":["GET"]}}],"collection":[{"href":"https:\/\/ehersa.com\/fr\/wp-json\/wp\/v2\/pages"}],"about":[{"href":"https:\/\/ehersa.com\/fr\/wp-json\/wp\/v2\/types\/page"}],"author":[{"embeddable":true,"href":"https:\/\/ehersa.com\/fr\/wp-json\/wp\/v2\/users\/1"}],"replies":[{"embeddable":true,"href":"https:\/\/ehersa.com\/fr\/wp-json\/wp\/v2\/comments?post=1326"}],"version-history":[{"count":0,"href":"https:\/\/ehersa.com\/fr\/wp-json\/wp\/v2\/pages\/1326\/revisions"}],"wp:attachment":[{"href":"https:\/\/ehersa.com\/fr\/wp-json\/wp\/v2\/media?parent=1326"}],"curies":[{"name":"wp","href":"https:\/\/api.w.org\/{rel}","templated":true}]}}