{"id":1329,"date":"2022-03-04T11:22:14","date_gmt":"2022-03-04T10:22:14","guid":{"rendered":"https:\/\/ehersa.com\/?page_id=1329"},"modified":"2026-04-09T12:17:39","modified_gmt":"2026-04-09T10:17:39","slug":"politique-confidentialite","status":"publish","type":"page","link":"https:\/\/ehersa.com\/fr\/politique-confidentialite\/","title":{"rendered":"Politique de confidentialit\u00e9"},"content":{"rendered":"<p>Politique de confidentialit\u00e9<\/p>\n<p>Version en vigueur depuis le 13\/12\/2022<\/p>\n<p>La pr\u00e9sente Politique de confidentialit\u00e9 (ci-apr\u00e8s, la \u00ab POLITIQUE DE CONFIDENTIALIT\u00c9 \u00bb) r\u00e9git, de mani\u00e8re g\u00e9n\u00e9rale, la collecte et le traitement par ELECTROQU\u00cdMICA DE HERNANI, S.A. (ci-apr\u00e8s, \u00ab <strong>EHERSA<\/strong> \u00bb) (i) des donn\u00e9es personnelles que vous nous fournissez en tant qu\u2019utilisateur du site web accessible via le nom de domaine www.ehersa.com\/es (ci-apr\u00e8s, le \u00ab SITE WEB \u00bb), y compris les services disponibles \u00e0 tout moment via le SITE WEB, et (ii) d\u2019autres donn\u00e9es collect\u00e9es par le biais d\u2019autres syst\u00e8mes de collecte d\u00fbment identifi\u00e9s ci-dessous. Tout cela sans pr\u00e9judice des dispositions sp\u00e9cifiques \u00e9tablies dans certaines sections, formulaires ou services disponibles sur le<strong> SITE WEB<\/strong> afin de vous fournir les informations pertinentes et, le cas \u00e9ch\u00e9ant, d\u2019obtenir votre consentement.<\/p>\n<p>EHERSA se r\u00e9serve le droit de modifier la POLITIQUE DE CONFIDENTIALIT\u00c9 afin de l&rsquo;adapter aux \u00e9volutions l\u00e9gislatives, jurisprudentielles et\/ou administratives, ainsi qu&rsquo;aux pratiques qu&rsquo;elle met en \u0153uvre \u00e0 tout moment via le SITE WEB, en tenant compte \u00e0 tout moment de vos droits et int\u00e9r\u00eats.<\/p>\n<p>Dans tous les cas, EHERSA vous fournira les moyens techniques appropri\u00e9s pour que vous puissiez acc\u00e9der \u00e0 la POLITIQUE DE CONFIDENTIALIT\u00c9 afin de respecter d\u00fbment les obligations d&rsquo;information qui nous incombent conform\u00e9ment \u00e0 la r\u00e9glementation applicable en mati\u00e8re de protection des donn\u00e9es.<\/p>\n<ol>\n<li><strong>Qui est le responsable du traitement de vos donn\u00e9es ?<\/strong><\/li>\n<\/ol>\n<p>Le responsable du traitement de vos donn\u00e9es est ELECTROQU\u00cdMICA DE HERNANI, S.A., soci\u00e9t\u00e9 dont le si\u00e8ge social est situ\u00e9 \u00e0 Hernani (Gipuzkoa), Barrio Epele, n\u00b0 29, inscrite au registre du commerce de Gipuzkoa au tome 1 094, folio 26, page SS-2. 025 et dont le num\u00e9ro d&rsquo;identification fiscale (N.I.F.) est le A-20025672. Pour toute question relative \u00e0 la POLITIQUE DE CONFIDENTIALIT\u00c9 et\/ou au traitement de vos donn\u00e9es personnelles, vous pouvez nous contacter \u00e0 l&rsquo;adresse postale indiqu\u00e9e ci-dessus et\/ou via l&rsquo;adresse e-mail rgpd@ehersa.com.<\/p>\n<ol start=\"2\">\n<li><strong>Comment avons-nous obtenu vos donn\u00e9es ?<\/strong><\/li>\n<\/ol>\n<p>Les donn\u00e9es trait\u00e9es par EHERSA ont \u00e9t\u00e9 obtenues directement aupr\u00e8s de vous : (i) via les diff\u00e9rents formulaires renseign\u00e9s lors de votre navigation sur le SITE WEB ; (ii) par l&rsquo;envoi d&rsquo;un courrier \u00e9lectronique de demande d&rsquo;information ; ou (iii) par d&rsquo;autres dispositifs de collecte d\u00fbment identifi\u00e9s, tels que le syst\u00e8me de vid\u00e9osurveillance install\u00e9 dans nos locaux et\/ou le registre des visites figurant en annexe. Lorsque les donn\u00e9es personnelles fournies concernent un tiers, vous garantissez avoir inform\u00e9 celui-ci de la POLITIQUE DE CONFIDENTIALIT\u00c9 et avoir obtenu son autorisation pour communiquer ses donn\u00e9es \u00e0 EHERSA aux finalit\u00e9s indiqu\u00e9es ci-apr\u00e8s. Nous vous informons \u00e9galement de l&rsquo;\u00e9ventuel traitement de vos donn\u00e9es issues des r\u00e9seaux sociaux via les profils d&rsquo;entreprise qu&rsquo;EHERSA met \u00e0 disposition sur chaque r\u00e9seau social o\u00f9 elle est pr\u00e9sente, conform\u00e9ment aux conditions g\u00e9n\u00e9rales d\u00e9finies par chacun d&rsquo;eux.<\/p>\n<ol start=\"3\">\n<li><strong>Quel type de donn\u00e9es traitons-nous ?<\/strong><\/li>\n<\/ol>\n<p>Les donn\u00e9es trait\u00e9es par EHERSA sont celles que vous nous avez communiqu\u00e9es lors de votre navigation sur le SITE WEB, via les formulaires utilis\u00e9s pour formaliser notre relation avec vous et\/ou par courrier \u00e9lectronique, ainsi que, le cas \u00e9ch\u00e9ant, celles obtenues par l&rsquo;interm\u00e9diaire des profils d&rsquo;entreprise d&rsquo;EHERSA sur les r\u00e9seaux sociaux o\u00f9 nous sommes pr\u00e9sents. Plus pr\u00e9cis\u00e9ment, EHERSA traite les cat\u00e9gories de donn\u00e9es suivantes : donn\u00e9es d&rsquo;identification et de contact (nom, pr\u00e9nom(s), num\u00e9ro d&rsquo;identit\u00e9, num\u00e9ro d&rsquo;immatriculation du v\u00e9hicule, adresse postale et \u00e9lectronique, num\u00e9ro de t\u00e9l\u00e9phone, etc.) ; donn\u00e9es professionnelles (entreprise au sein de laquelle vous exercez vos fonctions, poste et responsabilit\u00e9s, adresse postale et \u00e9lectronique professionnelles, num\u00e9ro de t\u00e9l\u00e9phone professionnel), dans la mesure o\u00f9 (i) vous les fournissez au moyen des formulaires correspondants et (ii) elles sont n\u00e9cessaires \u00e0 votre localisation professionnelle et\/ou au maintien de notre relation commerciale avec vous ou avec EHERSA ; codes et mots de passe d&rsquo;identification en tant qu&rsquo;utilisateur enregistr\u00e9 du SITE WEB et\/ou des applications accessibles depuis celui-ci ; donn\u00e9es de navigation sur Internet (par exemple : adresse IP, visites de pages web, connexions \u00e0 des r\u00e9seaux Wi-Fi, etc.) ; donn\u00e9es relatives aux caract\u00e9ristiques personnelles, \u00e0 la formation, \u00e0 l&#8217;emploi, etc. (dans le cadre de candidatures\/offres d&#8217;emploi et\/ou de processus de s\u00e9lection d&rsquo;EHERSA auxquels vous participez volontairement) ; images capt\u00e9es par le syst\u00e8me de vid\u00e9osurveillance install\u00e9 aux acc\u00e8s et \u00e0 l&rsquo;int\u00e9rieur de nos installations.<\/p>\n<ol start=\"4\">\n<li><strong>\u00c0 quelles fins traitons-nous vos donn\u00e9es et sur quelle base l\u00e9gale ?<\/strong><\/li>\n<\/ol>\n<p>Le traitement de vos donn\u00e9es \u00e0 caract\u00e8re personnel poursuit les finalit\u00e9s suivantes : G\u00e9rer et traiter votre inscription en tant qu&rsquo;utilisateur du SITE WEB, lorsque cela est possible, et sur la base de votre demande de mesures pr\u00e9contractuelles ou de la relation contractuelle \u00e9tablie avec vous \u00e0 cet \u00e9gard.G\u00e9rer votre acc\u00e8s et votre utilisation des contenus et services que l&rsquo;EHERSA met \u00e0 votre disposition via le SITE WEB, y compris les services de blog, les r\u00e9seaux sociaux ou toute autre fonctionnalit\u00e9 accessible \u00e0 tout moment depuis le SITE WEB, et sur la base de votre demande de mesures pr\u00e9contractuelles ou de la relation contractuelle \u00e9tablie avec vous \u00e0 cet \u00e9gard. Traiter et g\u00e9rer les demandes d&rsquo;informations, suggestions, plaintes ou r\u00e9clamations que vous formulez via le SITE WEB ou par courrier \u00e9lectronique, et sur la base de votre demande de mesures pr\u00e9contractuelles ou de la relation contractuelle \u00e9tablie avec vous. G\u00e9rer votre candidature ou votre inscription \u00e0 une offre d&#8217;emploi et votre participation au processus de s\u00e9lection correspondant, sur la base de votre demande de mesures pr\u00e9contractuelles. G\u00e9rer et contr\u00f4ler les visites effectu\u00e9es dans les locaux d&rsquo;EHERSA par du personnel ext\u00e9rieur \u00e0 l&rsquo;entit\u00e9, sur la base de l&rsquo;int\u00e9r\u00eat l\u00e9gitime d&rsquo;EHERSA (s\u00e9curit\u00e9). Garantir la s\u00e9curit\u00e9 et l&rsquo;int\u00e9grit\u00e9 des personnes et des biens par la capture d&rsquo;images via le syst\u00e8me de vid\u00e9osurveillance mis en place aux acc\u00e8s et \u00e0 l&rsquo;int\u00e9rieur de nos locaux, sur la base de l&rsquo;int\u00e9r\u00eat l\u00e9gitime d&rsquo;EHERSA (s\u00e9curit\u00e9). Traiter et g\u00e9rer les suggestions formul\u00e9es via la bo\u00eete \u00e0 suggestions, sur la base de l&rsquo;int\u00e9r\u00eat l\u00e9gitime d&rsquo;EHERSA (qualit\u00e9). Nous vous rappelons que, dans les cas o\u00f9 le traitement repose sur votre consentement, vous pouvez le retirer librement et gratuitement, \u00e0 tout moment, selon les modalit\u00e9s indiqu\u00e9es \u00e0 la section 7 ci-dessous.<\/p>\n<ol start=\"5\">\n<li><strong>\u00c0 qui communiquons-nous vos donn\u00e9es ?<\/strong><\/li>\n<\/ol>\n<p>Hormis les cas o\u00f9 EHERSA y est contrainte par une obligation l\u00e9gale (par exemple, les administrations fiscales, l&rsquo;administration judiciaire ou d&rsquo;autres administrations publiques), vos donn\u00e9es ne seront pas communiqu\u00e9es \u00e0 des tiers. Aucun transfert international de vos donn\u00e9es n&rsquo;est pr\u00e9vu.<\/p>\n<ol start=\"6\">\n<li><strong>Combien de temps conserverons-nous vos donn\u00e9es ?<\/strong><\/li>\n<\/ol>\n<p>De mani\u00e8re g\u00e9n\u00e9rale, les donn\u00e9es \u00e0 caract\u00e8re personnel seront conserv\u00e9es tant que vous ne r\u00e9voquerez pas votre consentement au traitement ou ne demanderez pas leur suppression, ainsi que pendant la dur\u00e9e n\u00e9cessaire au respect des obligations l\u00e9gales auxquelles EHERSA est tenue. Dans tous les cas, nous vous informons qu&rsquo;EHERSA a mis en place des politiques internes de purge des donn\u00e9es visant \u00e0 contr\u00f4ler les d\u00e9lais de conservation des donn\u00e9es \u00e0 caract\u00e8re personnel en sa possession, de sorte que celles-ci pourront \u00eatre supprim\u00e9es lorsqu&rsquo;elles ne seront plus n\u00e9cessaires et\/ou adapt\u00e9es \u00e0 la finalit\u00e9 pour laquelle elles ont \u00e9t\u00e9 collect\u00e9es. En particulier, il est pr\u00e9cis\u00e9 ce qui suit : En ce qui concerne le syst\u00e8me de vid\u00e9osurveillance mis en place dans nos installations, il est pr\u00e9cis\u00e9 que les images enregistr\u00e9es feront l&rsquo;objet d&rsquo;une suppression dans un d\u00e9lai maximal d&rsquo;un mois. En ce qui concerne le registre des visites, il est pr\u00e9cis\u00e9 que les donn\u00e9es feront l&rsquo;objet d&rsquo;une suppression dans un d\u00e9lai maximal d&rsquo;un mois. En ce qui concerne le registre des transports ADR, il est pr\u00e9cis\u00e9 que les donn\u00e9es feront l&rsquo;objet d&rsquo;une suppression dans un d\u00e9lai maximal d&rsquo;un an. En ce qui concerne la gestion des candidatures \u00e0 un emploi, il est pr\u00e9cis\u00e9 que les donn\u00e9es d&rsquo;identification et de contact, les caract\u00e9ristiques personnelles, les donn\u00e9es acad\u00e9miques et professionnelles, les d\u00e9tails de l&#8217;emploi et l&rsquo;image feront l&rsquo;objet d&rsquo;une suppression dans un d\u00e9lai maximal d&rsquo;un an.<\/p>\n<ol start=\"7\">\n<li><strong>Quels sont vos droits ?<\/strong><\/li>\n<\/ol>\n<p>La r\u00e9glementation applicable en mati\u00e8re de protection des donn\u00e9es vous conf\u00e8re une s\u00e9rie de droits relatifs \u00e0 vos donn\u00e9es personnelles que vous pouvez exercer pendant leur traitement. Ces droits sont les suivants : Acc\u00e8s \u00e0 vos donn\u00e9es : vous avez le droit d&rsquo;acc\u00e9der \u00e0 vos donn\u00e9es pour savoir quelles donn\u00e9es personnelles vous concernant nous traitons. Demander la rectification ou la suppression de vos donn\u00e9es : dans certaines circonstances, vous avez le droit de rectifier les donn\u00e9es \u00e0 caract\u00e8re personnel inexactes vous concernant qui font l&rsquo;objet d&rsquo;un traitement de notre part ou, le cas \u00e9ch\u00e9ant, de nous demander leur suppression lorsque, entre autres motifs, les donn\u00e9es ne sont plus n\u00e9cessaires aux fins pour lesquelles elles ont \u00e9t\u00e9 collect\u00e9es. Demander la limitation du traitement de vos donn\u00e9es : dans certaines circonstances, vous avez le droit de nous demander la limitation du traitement de vos donn\u00e9es, auquel cas nous vous informons que nous ne les conserverons que pour l&rsquo;exercice ou la d\u00e9fense de droits, conform\u00e9ment \u00e0 la r\u00e9glementation applicable en mati\u00e8re de protection des donn\u00e9es. \u00c0 la portabilit\u00e9 de vos donn\u00e9es : dans certaines circonstances, vous avez le droit de recevoir les donn\u00e9es \u00e0 caract\u00e8re personnel vous concernant, et que vous nous avez fournies, dans un format structur\u00e9, couramment utilis\u00e9 et lisible par machine, et de les transmettre \u00e0 un autre responsable du traitement. Vous opposer au traitement de vos donn\u00e9es : dans certaines circonstances et pour des motifs li\u00e9s \u00e0 votre situation particuli\u00e8re, vous avez le droit de vous opposer au traitement de vos donn\u00e9es, auquel cas nous cesserons de les traiter, sauf si, pour des motifs l\u00e9gitimes et imp\u00e9rieux, ou pour l&rsquo;exercice ou la d\u00e9fense d&rsquo;\u00e9ventuelles r\u00e9clamations, celles-ci doivent \u00eatre conserv\u00e9es. De m\u00eame, dans les cas o\u00f9 le traitement repose sur votre consentement, vous avez le droit de retirer ce dernier \u00e0 tout moment, sans que cela n&rsquo;affecte la lic\u00e9it\u00e9 du traitement fond\u00e9 sur le consentement pr\u00e9alable \u00e0 son retrait. Vous pouvez exercer ces droits en adressant une demande \u00e9crite \u00e0 EHERSA, \u00e0 l&rsquo;adresse postale indiqu\u00e9e au paragraphe 1, ou en envoyant un courrier \u00e9lectronique \u00e0 l&rsquo;adresse rgpd@ehersa.com. Enfin, nous vous informons que vous pouvez introduire une r\u00e9clamation aupr\u00e8s de l&rsquo;autorit\u00e9 de contr\u00f4le comp\u00e9tente (en Espagne, l&rsquo;Agence espagnole de protection des donn\u00e9es), notamment lorsque vous n&rsquo;avez pas obtenu satisfaction dans l&rsquo;exercice de vos droits. Vous pouvez contacter cette autorit\u00e9 via son site web : www.aepd.es.<\/p>\n<ol start=\"8\">\n<li><strong>Mesures de s\u00e9curit\u00e9<\/strong><\/li>\n<\/ol>\n<p>EHERSA traitera vos donn\u00e9es \u00e0 tout moment de mani\u00e8re absolument confidentielle et en respectant l&rsquo;obligation de confidentialit\u00e9 qui lui incombe, conform\u00e9ment aux dispositions de la r\u00e9glementation applicable en mati\u00e8re de protection des donn\u00e9es, en adoptant \u00e0 cet effet les mesures techniques et organisationnelles n\u00e9cessaires pour garantir la s\u00e9curit\u00e9 de vos donn\u00e9es et \u00e9viter leur alt\u00e9ration, perte, traitement ou acc\u00e8s non autoris\u00e9, compte tenu de l&rsquo;\u00e9tat de la technologie, de la nature des donn\u00e9es stock\u00e9es et des risques auxquels elles sont expos\u00e9es.<\/p>\n<ol start=\"9\">\n<li><strong>Politique en mati\u00e8re de cookies<\/strong><\/li>\n<\/ol>\n<p>De plus, nous vous informons qu&rsquo;EHERSA a mis en place une politique en mati\u00e8re de cookies accessible via le <span style=\"color: #0000ff;\"><a style=\"color: #0000ff;\" href=\"https:\/\/policies.google.com\/privacy?hl=fr\">lien<\/a> <\/span>suivant.<\/p>\n","protected":false},"excerpt":{"rendered":"<p>Politique de confidentialit\u00e9 Version en vigueur depuis le 13\/12\/2022 La pr\u00e9sente Politique de confidentialit\u00e9 (ci-apr\u00e8s, la \u00ab POLITIQUE DE CONFIDENTIALIT\u00c9 \u00bb) r\u00e9git, de mani\u00e8re g\u00e9n\u00e9rale, la collecte et le traitement par ELECTROQU\u00cdMICA DE HERNANI, S.A. (ci-apr\u00e8s, \u00ab EHERSA \u00bb) (i) des donn\u00e9es personnelles que vous nous fournissez en tant qu\u2019utilisateur du site web accessible via [&hellip;]<\/p>\n","protected":false},"author":3,"featured_media":0,"parent":0,"menu_order":4,"comment_status":"closed","ping_status":"closed","template":"templates\/legal-template.php","meta":{"_acf_changed":false,"inline_featured_image":false,"footnotes":""},"class_list":["post-1329","page","type-page","status-publish","hentry"],"acf":[],"_links":{"self":[{"href":"https:\/\/ehersa.com\/fr\/wp-json\/wp\/v2\/pages\/1329","targetHints":{"allow":["GET"]}}],"collection":[{"href":"https:\/\/ehersa.com\/fr\/wp-json\/wp\/v2\/pages"}],"about":[{"href":"https:\/\/ehersa.com\/fr\/wp-json\/wp\/v2\/types\/page"}],"author":[{"embeddable":true,"href":"https:\/\/ehersa.com\/fr\/wp-json\/wp\/v2\/users\/3"}],"replies":[{"embeddable":true,"href":"https:\/\/ehersa.com\/fr\/wp-json\/wp\/v2\/comments?post=1329"}],"version-history":[{"count":1,"href":"https:\/\/ehersa.com\/fr\/wp-json\/wp\/v2\/pages\/1329\/revisions"}],"predecessor-version":[{"id":1849,"href":"https:\/\/ehersa.com\/fr\/wp-json\/wp\/v2\/pages\/1329\/revisions\/1849"}],"wp:attachment":[{"href":"https:\/\/ehersa.com\/fr\/wp-json\/wp\/v2\/media?parent=1329"}],"curies":[{"name":"wp","href":"https:\/\/api.w.org\/{rel}","templated":true}]}}